{"id":2,"date":"2020-12-21T19:42:13","date_gmt":"2020-12-21T22:42:13","guid":{"rendered":"http:\/\/famigliagabardo.com.br\/?page_id=2"},"modified":"2021-04-03T20:05:53","modified_gmt":"2021-04-03T23:05:53","slug":"origem-do-nome","status":"publish","type":"page","link":"https:\/\/famigliagabardo.com.br\/","title":{"rendered":"Home"},"content":{"rendered":"\n<h2 class=\"wp-block-heading\">Origem do nome e da fam\u00edlia Gabardo<\/h2>\n\n\n\n<p class=\"has-text-align-center\"><br>As origens etimol\u00f3gicas remontam ao antrop\u00f4nimo germ\u00e2nico Gebhard, que era o nome de alguns cavaleiros teut\u00f4nicos instalados no Val Venosta, com a fun\u00e7\u00e3o de proteger e manter as terras do Sacro Imp\u00e9rio Germ\u00e2nico.<br>Esses cavaleiros recebiam t\u00edtulos e ocupavam castelos constru\u00eddos nos vales do norte italiano. Em 1141 Hartwig (Artuico) von Matsch foi investido pelo bispo de Como como capit\u00e3o da par\u00f3quia de Mazzo e do Castelo de Pedenale. Ele habitava o Castelo, com seus quatro filhos, Egano, Artuico III, Federico e Ulrico I. <\/p>\n\n\n\n<p class=\"has-text-align-center\">Egano, chamado Il Vecchio, gerou dois filhos, Egano VI e Gebhard, ou Gabardo (I), como era chamado pelo povo local. No in\u00edcio do s\u00e9culo XIII, Egano e seu filho exercitaram a alta justi\u00e7a nas comunidades do Vale de Poschiavo e Bormio como advogados do Bispo de Coira. Gabardo faleceu em 1226. Ele gerou tr\u00eas filhos, Konrad (Corrado), Gabardo (II) (que morreu em 1254) e Egano. Gabardo (II) gerou quatro filhos, Eg\u00eddio, tamb\u00e9m chamado Chino ou Zirio, Stefano, Conforto e Allerganzia. Eg\u00eddio gerou seis filhos, Gabardo (III), Albertolo, Lerganzia, Andreolo, Eganone e Giovanni. <\/p>\n\n\n\n<p class=\"has-text-align-center\">Desconhecemos se Gabardo (III) gerou filhos, mas pode se deduzir que o mesmo pode ter sido o patriarca da fam\u00edlia Gabardo. Ele pode ter sido o pai ou o av\u00f4 de Mei, o primeiro nome da genealogia que apresentamos neste site.<\/p>\n\n\n\n<p class=\"has-text-align-center\">O primeiro documento hist\u00f3rico em que a fam\u00edlia Gabardo aparece \u00e9 do ano de 1154, e versa sobre um acordo de paz e de conc\u00f3rdia firmado entre os Marqueses de Este e de Ferrara (cidades da regi\u00e3o do V\u00eaneto) e o Duque da Sax\u00f4nia. Tal documento foi elaborado por um escriv\u00e3o que assinou o mesmo como Gabuardus que, remotamente, pode ser o fundador da Casata. Transcrevemos alguns trechos (em latim) desse documento: \u201c<em>Quinto die exeunte mense Octubris&#8230; Henricus filius Henrici, Dux Saxonum, Bonifacium, &amp; Fulconem Marchiones&#8230; Item prefatus Dux accepit prefatum Arardum per manum; &amp; precepit ei, ut predictos Marchiones in tenutam, &amp; possessionem predicti Feudi mitteret; &amp; eos possessores ex parte Domini Ducis faceret. Interfuerunt enim ex parte Domini Ducis Advocatus de Augusto, Armanus, Masnerius, Limpoldus, Conradus de Marnengo, Amengarisus, &amp; quamplures alii ejusdem Curie. Actum est hoc sub tentorio Ducis, anno Domini millesimo centesimo quinquagesimo quarto. Ego Gabuardus Sacri Palatii Notarius interfui, &amp; a Duce rogatus scripsi<\/em>\u201d. Cumpre ressaltar que a fun\u00e7\u00e3o de escriv\u00e3o, na Idade M\u00e9dia, era um cargo de alt\u00edssimo n\u00edvel e de grande prest\u00edgio.<\/p>\n\n\n\n<h2 class=\"wp-block-heading\">Curiosidades do sobrenome Gabardo<\/h2>\n\n\n\n<p>No Brasil, encontramos a fam\u00edlia Gabardo especialmente nos estados em que a imigra\u00e7\u00e3o italiana foi forte, como:<\/p>\n\n\n\n<ul><li>S\u00e3o Paulo;<\/li><li>Paran\u00e1 (muitos representantes na cidade de Curitiba);<\/li><li>Santa Catarina;<\/li><li>Rio Grande do Sul.<\/li><\/ul>\n\n\n\n<p>No mundo, percebemos que tamb\u00e9m h\u00e1 presen\u00e7a de pessoas com esse sobrenome nos pa\u00edses em que a imigra\u00e7\u00e3o italiana esteve presente, al\u00e9m de Brasil e It\u00e1lia, tais como:<\/p>\n\n\n\n<ul><li>Espanha;<\/li><li>Canad\u00e1;<\/li><li>Estados Unidos;<\/li><li>Inglaterra;<\/li><li>Fran\u00e7a;<\/li><li>Hungria;<\/li><li>Chile;<\/li><\/ul>\n\n\n\n<h2 class=\"wp-block-heading\">Variantes do sobrenome Gabardo<\/h2>\n\n\n\n<p class=\"has-text-align-center\">O sobrenome Gabardo apresenta as seguintes variantes gr\u00e1ficas, conforme vemos a seguir: Gabarino (da It\u00e1lia); Gabaro (da It\u00e1lia); Gabarra (da Espanha); Gabarre (da Espanha); Gabarrine (da It\u00e1lia); Gabarron (da Espanha); Gabas (da Espanha); Gabassi (da It\u00e1lia); Gabat (da Espanha) e Gabatelli (da It\u00e1lia). Existe tamb\u00e9m a variante Gabbardo, que \u00e9 mais rara de ser encontrada.<\/p>\n","protected":false},"excerpt":{"rendered":"<p>Origem do nome e da fam\u00edlia Gabardo As origens etimol\u00f3gicas remontam ao antrop\u00f4nimo germ\u00e2nico Gebhard, que era o nome de alguns cavaleiros teut\u00f4nicos instalados no Val Venosta, com a fun\u00e7\u00e3o de proteger e manter as terras do Sacro Imp\u00e9rio Germ\u00e2nico.Esses&#8230;<\/p>\n","protected":false},"author":1,"featured_media":22,"parent":0,"menu_order":0,"comment_status":"closed","ping_status":"open","template":"","meta":{"footnotes":""},"_links":{"self":[{"href":"https:\/\/famigliagabardo.com.br\/index.php\/wp-json\/wp\/v2\/pages\/2"}],"collection":[{"href":"https:\/\/famigliagabardo.com.br\/index.php\/wp-json\/wp\/v2\/pages"}],"about":[{"href":"https:\/\/famigliagabardo.com.br\/index.php\/wp-json\/wp\/v2\/types\/page"}],"author":[{"embeddable":true,"href":"https:\/\/famigliagabardo.com.br\/index.php\/wp-json\/wp\/v2\/users\/1"}],"replies":[{"embeddable":true,"href":"https:\/\/famigliagabardo.com.br\/index.php\/wp-json\/wp\/v2\/comments?post=2"}],"version-history":[{"count":6,"href":"https:\/\/famigliagabardo.com.br\/index.php\/wp-json\/wp\/v2\/pages\/2\/revisions"}],"predecessor-version":[{"id":271,"href":"https:\/\/famigliagabardo.com.br\/index.php\/wp-json\/wp\/v2\/pages\/2\/revisions\/271"}],"wp:featuredmedia":[{"embeddable":true,"href":"https:\/\/famigliagabardo.com.br\/index.php\/wp-json\/wp\/v2\/media\/22"}],"wp:attachment":[{"href":"https:\/\/famigliagabardo.com.br\/index.php\/wp-json\/wp\/v2\/media?parent=2"}],"curies":[{"name":"wp","href":"https:\/\/api.w.org\/{rel}","templated":true}]}}