{"id":33,"date":"2020-12-22T19:56:05","date_gmt":"2020-12-22T22:56:05","guid":{"rendered":"http:\/\/famigliagabardo.com.br\/?page_id=33"},"modified":"2021-01-22T22:06:40","modified_gmt":"2021-01-23T01:06:40","slug":"cadastro","status":"publish","type":"page","link":"https:\/\/famigliagabardo.com.br\/index.php\/cadastro\/","title":{"rendered":"Cadastro"},"content":{"rendered":"\n<p>Se voc\u00ea faz parte das fam\u00edlias Gabardo, Negrello ou Pontarollo e seu nome n\u00e3o consta em nossas \u00e1rvores geneal\u00f3gicas, preencha seus dados na ficha de inser\u00e7\u00e3o constante da p\u00e1gina \u2018Cadastro\u2019 para que possamos identificar seu ramo de origem e fazer a inclus\u00e3o na respectiva \u00e1rvore.<\/p>\n\n\n\n<p>Se voc\u00ea encontrou alguma diverg\u00eancia de dados, comunique a corre\u00e7\u00e3o a ser feita atrav\u00e9s da ficha de corre\u00e7\u00e3o constante da p\u00e1gina \u2018Cadastro\u2019 para que possamos providenciar a mesma em nosso banco de dados.<\/p>\n\n\n\n<div class=\"wp-block-contact-form-7-contact-form-selector\"><div role=\"form\" class=\"wpcf7\" id=\"wpcf7-f130-o1\" lang=\"pt-BR\" dir=\"ltr\">\n<div class=\"screen-reader-response\"><p role=\"status\" aria-live=\"polite\" aria-atomic=\"true\"><\/p> <ul><\/ul><\/div>\n<form action=\"\/index.php\/wp-json\/wp\/v2\/pages\/33#wpcf7-f130-o1\" method=\"post\" class=\"wpcf7-form init\" novalidate=\"novalidate\" data-status=\"init\">\n<div style=\"display: none;\">\n<input type=\"hidden\" name=\"_wpcf7\" value=\"130\" \/>\n<input type=\"hidden\" name=\"_wpcf7_version\" value=\"5.3.2\" \/>\n<input type=\"hidden\" name=\"_wpcf7_locale\" value=\"pt_BR\" \/>\n<input type=\"hidden\" name=\"_wpcf7_unit_tag\" value=\"wpcf7-f130-o1\" \/>\n<input type=\"hidden\" name=\"_wpcf7_container_post\" value=\"0\" \/>\n<input type=\"hidden\" name=\"_wpcf7_posted_data_hash\" value=\"\" \/>\n<\/div>\n<p>Os campos marcados com (*) s\u00e3o de preenchimento obrigat\u00f3rio<\/p>\n<p>Os campos N\u00c3O marcados com (*) s\u00e3o de preenchimento opcional por\u00e9m muito importantes para que possamos fazer o cadastro mais preciso poss\u00edvel da \u00e1rvore geneal\u00f3gica de nossa fam\u00edlia. Por favo, preencha os dados da maneira mais correta e completa poss\u00edvel.<\/p>\n<h4>Seus dados<\/h4>\n<p><label> Nome Completo (se casada, nome de solteira)<br \/>\n<span class=\"wpcf7-form-control-wrap nome-completo\"><input type=\"text\" name=\"nome-completo\" value=\"\" size=\"40\" class=\"wpcf7-form-control wpcf7-text wpcf7-validates-as-required\" aria-required=\"true\" aria-invalid=\"false\" \/><\/span> <\/label><br \/>\n<label>Data de Nascimento*<br \/>\n<span class=\"wpcf7-form-control-wrap data-de-nascimento\"><input type=\"text\" name=\"data-de-nascimento\" value=\"\" size=\"40\" class=\"wpcf7-form-control wpcf7-text wpcf7-validates-as-required\" aria-required=\"true\" aria-invalid=\"false\" \/><\/span> <\/label><br \/>\n<label>Local de Nascimento*<br \/>\n<span class=\"wpcf7-form-control-wrap local-de-nascimento\"><input type=\"text\" name=\"local-de-nascimento\" value=\"\" size=\"40\" class=\"wpcf7-form-control wpcf7-text wpcf7-validates-as-required\" aria-required=\"true\" aria-invalid=\"false\" \/><\/span> <\/label><br \/>\n<label>Data de Casamento (se casado\/a)<br \/>\n<span class=\"wpcf7-form-control-wrap data-de-nascimento\"><input type=\"text\" name=\"data-de-nascimento\" value=\"\" size=\"40\" class=\"wpcf7-form-control wpcf7-text\" aria-invalid=\"false\" \/><\/span><\/label><br \/>\n<label>Local de Casamento<br \/>\n<span class=\"wpcf7-form-control-wrap local-de-casamento\"><input type=\"text\" name=\"local-de-casamento\" value=\"\" size=\"40\" class=\"wpcf7-form-control wpcf7-text\" aria-invalid=\"false\" \/><\/span><\/label><br \/>\n<label>Nome completo do C\u00f4njuje<br \/>\n<span class=\"wpcf7-form-control-wrap nome-completo-do-conjuje\"><input type=\"text\" name=\"nome-completo-do-conjuje\" value=\"\" size=\"40\" class=\"wpcf7-form-control wpcf7-text\" aria-invalid=\"false\" \/><\/span><\/label><br \/>\n<label>Data de Nascimento do C\u00f4njuje<br \/>\n<span class=\"wpcf7-form-control-wrap data-de-nascimento-conjuje\"><input type=\"text\" name=\"data-de-nascimento-conjuje\" value=\"\" size=\"40\" class=\"wpcf7-form-control wpcf7-text\" aria-invalid=\"false\" \/><\/span><\/label><br \/>\n<label>Local de Nascimento do C\u00f4njuje<br \/>\n<span class=\"wpcf7-form-control-wrap local-de-nascimento-conjuje\"><input type=\"text\" name=\"local-de-nascimento-conjuje\" value=\"\" size=\"40\" class=\"wpcf7-form-control wpcf7-text\" aria-invalid=\"false\" \/><\/span> <\/label><\/p>\n<h4>Dados dos seus pais<\/h4>\n<h5>Pai<\/h5>\n<p><label>Nome Completo do Pai*<br \/>\n<span class=\"wpcf7-form-control-wrap nome-completo-do-pai\"><input type=\"text\" name=\"nome-completo-do-pai\" value=\"\" size=\"40\" class=\"wpcf7-form-control wpcf7-text wpcf7-validates-as-required\" aria-required=\"true\" aria-invalid=\"false\" \/><\/span><\/label><br \/>\n<label>Data de Nascimento do Pai<br \/>\n<span class=\"wpcf7-form-control-wrap data-de-nascimento-pai\"><input type=\"text\" name=\"data-de-nascimento-pai\" value=\"\" size=\"40\" class=\"wpcf7-form-control wpcf7-text\" aria-invalid=\"false\" \/><\/span><\/label><br \/>\n<label>Local de Nascimento do Pai<br \/>\n<span class=\"wpcf7-form-control-wrap local-de-nascimento-pai\"><input type=\"text\" name=\"local-de-nascimento-pai\" value=\"\" size=\"40\" class=\"wpcf7-form-control wpcf7-text\" aria-invalid=\"false\" \/><\/span><\/label><br \/>\n<label>Data de Casamento do Pai<br \/>\n<span class=\"wpcf7-form-control-wrap data-de-casamento-pai\"><input type=\"text\" name=\"data-de-casamento-pai\" value=\"\" size=\"40\" class=\"wpcf7-form-control wpcf7-text\" aria-invalid=\"false\" \/><\/span><\/label><br \/>\n<label>Local de Casamento do Pai<br \/>\n<span class=\"wpcf7-form-control-wrap local-de-casasmento-pai\"><input type=\"text\" name=\"local-de-casasmento-pai\" value=\"\" size=\"40\" class=\"wpcf7-form-control wpcf7-text\" aria-invalid=\"false\" \/><\/span><\/label><\/p>\n<h5>M\u00e3e<\/h5>\n<p><label>Nome Completo da M\u00e3e*<br \/>\n<span class=\"wpcf7-form-control-wrap nome-completo-da-mae\"><input type=\"text\" name=\"nome-completo-da-mae\" value=\"\" size=\"40\" class=\"wpcf7-form-control wpcf7-text wpcf7-validates-as-required\" aria-required=\"true\" aria-invalid=\"false\" \/><\/span><\/label><br \/>\n<label>Local de Nascimento da M\u00e3e<br \/>\n<span class=\"wpcf7-form-control-wrap local-de-nascimento-mae\"><input type=\"text\" name=\"local-de-nascimento-mae\" value=\"\" size=\"40\" class=\"wpcf7-form-control wpcf7-text\" aria-invalid=\"false\" \/><\/span><\/label><\/p>\n<h4>Av\u00f3s Paternos<\/h4>\n<p><label>Nome Completo do Av\u00f4 paterno*<br \/>\n<span class=\"wpcf7-form-control-wrap nome-do-avo-paterno\"><input type=\"text\" name=\"nome-do-avo-paterno\" value=\"\" size=\"40\" class=\"wpcf7-form-control wpcf7-text wpcf7-validates-as-required\" aria-required=\"true\" aria-invalid=\"false\" \/><\/span><\/label><br \/>\n<label>Data de Nascimento do Av\u00f4 paterno<br \/>\n<span class=\"wpcf7-form-control-wrap data-de-nascimento-avo-paterno\"><input type=\"text\" name=\"data-de-nascimento-avo-paterno\" value=\"\" size=\"40\" class=\"wpcf7-form-control wpcf7-text\" aria-invalid=\"false\" \/><\/span><\/label><br \/>\n<label>Local de Nascimento do Av\u00f4 paterno<br \/>\n<span class=\"wpcf7-form-control-wrap local-de-nascimento-avo-paterno\"><input type=\"text\" name=\"local-de-nascimento-avo-paterno\" value=\"\" size=\"40\" class=\"wpcf7-form-control wpcf7-text\" aria-invalid=\"false\" \/><\/span><\/label><br \/>\n<label>Nome Completo da Av\u00f3 paterna*<br \/>\n<span class=\"wpcf7-form-control-wrap nome-avo-paterna\"><input type=\"text\" name=\"nome-avo-paterna\" value=\"\" size=\"40\" class=\"wpcf7-form-control wpcf7-text wpcf7-validates-as-required\" aria-required=\"true\" aria-invalid=\"false\" \/><\/span><\/label><br \/>\n<label>Data de Nascimento da Av\u00f3<br \/>\n<span class=\"wpcf7-form-control-wrap data-de-nascimento-avo-paterna\"><input type=\"text\" name=\"data-de-nascimento-avo-paterna\" value=\"\" size=\"40\" class=\"wpcf7-form-control wpcf7-text\" aria-invalid=\"false\" \/><\/span><\/label><br \/>\n<label>Local de Nascimento da Av\u00f3<br \/>\n<span class=\"wpcf7-form-control-wrap local-de-nascimento-avo-paterna\"><input type=\"text\" name=\"local-de-nascimento-avo-paterna\" value=\"\" size=\"40\" class=\"wpcf7-form-control wpcf7-text\" aria-invalid=\"false\" \/><\/span><\/label><\/p>\n<h4>Av\u00f3s Maternos<\/h4>\n<p><label>Nome Completo do Av\u00f4 materno*<br \/>\n<span class=\"wpcf7-form-control-wrap nome-avo-materno\"><input type=\"text\" name=\"nome-avo-materno\" value=\"\" size=\"40\" class=\"wpcf7-form-control wpcf7-text wpcf7-validates-as-required\" aria-required=\"true\" aria-invalid=\"false\" \/><\/span><\/label><br \/>\n<label>Data de Nascimento do Av\u00f4 materno<br \/>\n<span class=\"wpcf7-form-control-wrap data-de-nascimento-avo-materno\"><input type=\"text\" name=\"data-de-nascimento-avo-materno\" value=\"\" size=\"40\" class=\"wpcf7-form-control wpcf7-text\" aria-invalid=\"false\" \/><\/span><\/label><br \/>\n<label>Local de Nascimento do Av\u00f4 materno<br \/>\n<span class=\"wpcf7-form-control-wrap local-de-nascimento-avo-materno\"><input type=\"text\" name=\"local-de-nascimento-avo-materno\" value=\"\" size=\"40\" class=\"wpcf7-form-control wpcf7-text\" aria-invalid=\"false\" \/><\/span><\/label><\/p>\n<p><label>Nome Completo da Av\u00f3 materna*<br \/>\n<span class=\"wpcf7-form-control-wrap nome-avo-materna\"><input type=\"text\" name=\"nome-avo-materna\" value=\"\" size=\"40\" class=\"wpcf7-form-control wpcf7-text wpcf7-validates-as-required\" aria-required=\"true\" aria-invalid=\"false\" \/><\/span><\/label><br \/>\n<label>Data de Nascimento da Av\u00f3 materna<br \/>\n<span class=\"wpcf7-form-control-wrap data-de-nascimento-avo-materna\"><input type=\"text\" name=\"data-de-nascimento-avo-materna\" value=\"\" size=\"40\" class=\"wpcf7-form-control wpcf7-text\" aria-invalid=\"false\" \/><\/span><\/label><br \/>\n<label>Local de Nascimento da materna<br \/>\n<span class=\"wpcf7-form-control-wrap local-de-nascimento-avo-materna\"><input type=\"text\" name=\"local-de-nascimento-avo-materna\" value=\"\" size=\"40\" class=\"wpcf7-form-control wpcf7-text\" aria-invalid=\"false\" \/><\/span><\/label><br \/>\n<label> Seu E-mail*<br \/>\n<span class=\"wpcf7-form-control-wrap Email\"><input type=\"email\" name=\"Email\" value=\"\" size=\"40\" class=\"wpcf7-form-control wpcf7-text wpcf7-email wpcf7-validates-as-required wpcf7-validates-as-email\" aria-required=\"true\" aria-invalid=\"false\" \/><\/span> <\/label><br \/>\n<label> Informa\u00e7\u00f5es adicionais (opcional)<br \/>\n<span class=\"wpcf7-form-control-wrap mensagem\"><textarea name=\"mensagem\" cols=\"40\" rows=\"10\" class=\"wpcf7-form-control wpcf7-textarea\" aria-invalid=\"false\"><\/textarea><\/span><\/label><\/p>\n<p><input type=\"submit\" value=\"Enviar\" class=\"wpcf7-form-control wpcf7-submit\" \/><\/p>\n<div class=\"wpcf7-response-output\" aria-hidden=\"true\"><\/div><\/form><\/div><\/div>\n\n\n\n<p><\/p>\n","protected":false},"excerpt":{"rendered":"<p>Se voc\u00ea faz parte das fam\u00edlias Gabardo, Negrello ou Pontarollo e seu nome n\u00e3o consta em nossas \u00e1rvores geneal\u00f3gicas, preencha seus dados na ficha de inser\u00e7\u00e3o constante da p\u00e1gina \u2018Cadastro\u2019 para que possamos identificar seu ramo de origem e fazer&#8230;<\/p>\n","protected":false},"author":1,"featured_media":0,"parent":0,"menu_order":0,"comment_status":"closed","ping_status":"closed","template":"","meta":{"footnotes":""},"_links":{"self":[{"href":"https:\/\/famigliagabardo.com.br\/index.php\/wp-json\/wp\/v2\/pages\/33"}],"collection":[{"href":"https:\/\/famigliagabardo.com.br\/index.php\/wp-json\/wp\/v2\/pages"}],"about":[{"href":"https:\/\/famigliagabardo.com.br\/index.php\/wp-json\/wp\/v2\/types\/page"}],"author":[{"embeddable":true,"href":"https:\/\/famigliagabardo.com.br\/index.php\/wp-json\/wp\/v2\/users\/1"}],"replies":[{"embeddable":true,"href":"https:\/\/famigliagabardo.com.br\/index.php\/wp-json\/wp\/v2\/comments?post=33"}],"version-history":[{"count":5,"href":"https:\/\/famigliagabardo.com.br\/index.php\/wp-json\/wp\/v2\/pages\/33\/revisions"}],"predecessor-version":[{"id":152,"href":"https:\/\/famigliagabardo.com.br\/index.php\/wp-json\/wp\/v2\/pages\/33\/revisions\/152"}],"wp:attachment":[{"href":"https:\/\/famigliagabardo.com.br\/index.php\/wp-json\/wp\/v2\/media?parent=33"}],"curies":[{"name":"wp","href":"https:\/\/api.w.org\/{rel}","templated":true}]}}